{"id":37,"date":"2024-02-27T09:08:39","date_gmt":"2024-02-27T09:08:39","guid":{"rendered":"https:\/\/edificioriberadelebro2.com\/?page_id=37"},"modified":"2024-03-04T12:33:20","modified_gmt":"2024-03-04T12:33:20","slug":"grupo-espuelas","status":"publish","type":"page","link":"https:\/\/edificioriberadelebro2.com\/index.php\/grupo-espuelas\/","title":{"rendered":"Grupo Espuelas"},"content":{"rendered":"<p>[et_pb_section fb_built=\u00bb1&#8243; admin_label=\u00bbHeader\u00bb _builder_version=\u00bb4.20.0&#8243; _module_preset=\u00bbdefault\u00bb background_color=\u00bbgcid-67960745-cc0c-4d73-b86b-ef2d6023be78&#8243; locked=\u00bboff\u00bb collapsed=\u00bbon\u00bb global_colors_info=\u00bb{%22gcid-67960745-cc0c-4d73-b86b-ef2d6023be78%22:%91%22background_color%22%93}\u00bb][et_pb_row _builder_version=\u00bb4.20.0&#8243; _module_preset=\u00bbdefault\u00bb custom_padding=\u00bb||0px||false|false\u00bb global_colors_info=\u00bb{}\u00bb][et_pb_column type=\u00bb4_4&#8243; _builder_version=\u00bb4.20.0&#8243; _module_preset=\u00bbdefault\u00bb global_colors_info=\u00bb{}\u00bb][et_pb_text _builder_version=\u00bb4.20.0&#8243; _module_preset=\u00bba342d0d1-2b5b-4578-9a69-9f52545bb981&#8243; global_colors_info=\u00bb{}\u00bb]<\/p>\n<h1>Grupo Espuelas<\/h1>\n<p>[\/et_pb_text][\/et_pb_column][\/et_pb_row][et_pb_row _builder_version=\u00bb4.20.0&#8243; _module_preset=\u00bbdefault\u00bb global_colors_info=\u00bb{}\u00bb][et_pb_column type=\u00bb4_4&#8243; _builder_version=\u00bb4.20.0&#8243; _module_preset=\u00bbdefault\u00bb global_colors_info=\u00bb{}\u00bb][et_pb_image src=\u00bbhttps:\/\/edificioriberadelebro2.com\/wp-content\/uploads\/2024\/03\/cabecera_1280_4.jpg\u00bb title_text=\u00bbcabecera_1280_4&#8243; _builder_version=\u00bb4.24.2&#8243; _module_preset=\u00bbdefault\u00bb custom_margin=\u00bb||0px||false|false\u00bb global_colors_info=\u00bb{}\u00bb][\/et_pb_image][\/et_pb_column][\/et_pb_row][et_pb_row _builder_version=\u00bb4.24.2&#8243; _module_preset=\u00bbdefault\u00bb hover_enabled=\u00bb0&#8243; global_colors_info=\u00bb{}\u00bb column_structure=\u00bb1_2,1_2&#8243; sticky_enabled=\u00bb0&#8243;][et_pb_column type=\u00bb1_2&#8243; _builder_version=\u00bb4.20.0&#8243; _module_preset=\u00bbdefault\u00bb global_colors_info=\u00bb{}\u00bb][et_pb_text _builder_version=\u00bb4.24.2&#8243; _module_preset=\u00bbaabed395-b900-4d4d-9e13-3689b1b2521b\u00bb text_orientation=\u00bbcenter\u00bb max_width=\u00bb560px\u00bb module_alignment=\u00bbcenter\u00bb hover_enabled=\u00bb0&#8243; locked=\u00bboff\u00bb global_colors_info=\u00bb{}\u00bb sticky_enabled=\u00bb0&#8243;]<\/p>\n<div class=\"et_pb_module et_pb_text et_pb_text_1  et_pb_text_align_left et_pb_bg_layout_light\">\n<div class=\"et_pb_text_inner\">\n<p style=\"text-align: left;\"><span style=\"color: #00bab3;\"><strong><a href=\"http:\/\/www.grupoespuelas.com\/\" style=\"color: #00bab3;\">GRUPO ESPUELAS<\/a><\/strong><\/span> se distingue como una empresa de actividad inmobiliaria que prioriza la <strong>seguridad<\/strong>, <strong>calidad<\/strong> y prestigio en cada proyecto que emprende.<\/p>\n<p>Nuestro compromiso se basa en la firmeza de un nombre reconocido y en la promoci\u00f3n de valores fundamentales como la <strong>excelencia<\/strong>, la <strong>integridad<\/strong> y la <strong>responsabilidad<\/strong> corporativa. Nos <strong>destacamos<\/strong> por nuestra dedicaci\u00f3n a ofrecer soluciones que no solo cumplen, sino que <strong>superan las expectativas<\/strong> de nuestros clientes, asegurando la confianza y la satisfacci\u00f3n en cada paso del proceso. <\/p>\n<\/div>\n<\/div>\n<p>[\/et_pb_text][\/et_pb_column][et_pb_column type=\u00bb1_2&#8243; _builder_version=\u00bb4.20.0&#8243; _module_preset=\u00bbdefault\u00bb global_colors_info=\u00bb{}\u00bb][et_pb_text _builder_version=\u00bb4.24.2&#8243; _module_preset=\u00bbaabed395-b900-4d4d-9e13-3689b1b2521b\u00bb text_orientation=\u00bbcenter\u00bb max_width=\u00bb560px\u00bb module_alignment=\u00bbcenter\u00bb hover_enabled=\u00bb0&#8243; locked=\u00bboff\u00bb global_colors_info=\u00bb{}\u00bb sticky_enabled=\u00bb0&#8243;]<\/p>\n<div class=\"et_pb_module et_pb_text et_pb_text_1  et_pb_text_align_left et_pb_bg_layout_light\">\n<div class=\"et_pb_text_inner\">\n<p>Actuamos con total <strong>transparencia<\/strong> y <strong>nos comprometemos activamente<\/strong> con la comunidad, contribuyendo al desarrollo de la <strong>sociedad aragonesa.<\/strong> En Grupo Espuelas, nuestra misi\u00f3n es crear espacios que reflejen seguridad, calidad y prestigio, consolidando as\u00ed nuestro liderazgo en el sector inmobiliario, con una visi\u00f3n de <strong>futuro<\/strong> centrada en el bienestar de quienes conf\u00edan en nuestro equipo profesional.<\/p>\n<\/div>\n<\/div>\n<p>[\/et_pb_text][\/et_pb_column][\/et_pb_row][\/et_pb_section][et_pb_section fb_built=\u00bb1&#8243; admin_label=\u00bbAbout\u00bb _builder_version=\u00bb4.20.0&#8243; _module_preset=\u00bbdefault\u00bb background_color=\u00bbgcid-67960745-cc0c-4d73-b86b-ef2d6023be78&#8243; collapsed=\u00bbon\u00bb global_colors_info=\u00bb{%22gcid-67960745-cc0c-4d73-b86b-ef2d6023be78%22:%91%22background_color%22%93}\u00bb][et_pb_row column_structure=\u00bb3_5,2_5&#8243; _builder_version=\u00bb4.24.2&#8243; _module_preset=\u00bbdefault\u00bb hover_enabled=\u00bb0&#8243; global_colors_info=\u00bb{}\u00bb sticky_enabled=\u00bb0&#8243;][et_pb_column type=\u00bb3_5&#8243; _builder_version=\u00bb4.20.0&#8243; _module_preset=\u00bbdefault\u00bb global_colors_info=\u00bb{}\u00bb][et_pb_text _builder_version=\u00bb4.24.2&#8243; _module_preset=\u00bbca891899-a0a3-4af3-aa3c-921f4cdec0f9&#8243; header_4_text_color=\u00bbgcid-a3412674-3498-4142-ac08-6afad8430048&#8243; global_colors_info=\u00bb{%22gcid-a3412674-3498-4142-ac08-6afad8430048%22:%91%22header_4_text_color%22%93}\u00bb]<\/p>\n<h4>Grupo Espuelas<\/h4>\n<p>[\/et_pb_text][et_pb_text _builder_version=\u00bb4.20.0&#8243; _module_preset=\u00bb01faf2c2-3d2c-451e-aa0a-4b9d94da75eb\u00bb global_colors_info=\u00bb{}\u00bb]<\/p>\n<h2>Equipo Profesional<\/h2>\n<p>[\/et_pb_text][et_pb_text _builder_version=\u00bb4.20.0&#8243; _module_preset=\u00bb85575c94-8bb0-49b2-afd7-6ab5ae9c5e15&#8243; global_colors_info=\u00bb{}\u00bb]<\/p>\n<div class=\"et_pb_module et_pb_text et_pb_text_3  et_pb_text_align_left et_pb_bg_layout_light\">\n<div class=\"et_pb_text_inner\">\n<p><strong>En GRUPO ESPUELAS<\/strong>\u00a0nos enorgullece contar con un equipo profesional altamente cualificado que comprende y valora las necesidades de nuestros clientes. Nos comprometemos a brindarles la m\u00e1xima satisfacci\u00f3n, respaldados por a\u00f1os de experiencia, asegurando la excelencia tanto en la calidad de nuestros productos como en el servicio que ofrecemos a miles de clientes. Nuestro prestigio reconocido se fundamenta en una trayectoria cuya filosof\u00eda es la <strong>creaci\u00f3n de viviendas<\/strong> que destacan por su funcionalidad, calidad de materiales y distribuci\u00f3n interior, as\u00ed como por un servicio postventa excepcional. En Grupo Espuelas, apostamos por la creaci\u00f3n de hogares con un esmerado trato al cliente.<\/p>\n<p>La <strong>oficina principal<\/strong> se encuentra en P\u00ba Sagasta 64, 1\u00ba. C.P. 50006 Zaragoza, donde seguro estar\u00e1n encantados de atenderle.<\/p>\n<\/div>\n<\/div>\n<p>[\/et_pb_text][\/et_pb_column][et_pb_column type=\u00bb2_5&#8243; _builder_version=\u00bb4.20.0&#8243; _module_preset=\u00bbdefault\u00bb global_colors_info=\u00bb{}\u00bb][et_pb_image src=\u00bbhttps:\/\/edificioriberadelebro2.com\/wp-content\/uploads\/2024\/02\/espuelas_ribera_a4.jpg\u00bb title_text=\u00bbespuelas_ribera_a4&#8243; _builder_version=\u00bb4.24.2&#8243; _module_preset=\u00bbdefault\u00bb global_colors_info=\u00bb{}\u00bb transform_styles__hover_enabled=\u00bbon|hover\u00bb transform_scale__hover=\u00bb98%|98%\u00bb transform_scale__hover_enabled=\u00bbon|hover\u00bb transform_translate__hover_enabled=\u00bbon|desktop\u00bb transform_rotate__hover_enabled=\u00bbon|desktop\u00bb transform_skew__hover_enabled=\u00bbon|desktop\u00bb transform_origin__hover_enabled=\u00bbon|desktop\u00bb][\/et_pb_image][\/et_pb_column][\/et_pb_row][\/et_pb_section][et_pb_section fb_built=\u00bb1&#8243; admin_label=\u00bbFooter\u00bb _builder_version=\u00bb4.20.0&#8243; _module_preset=\u00bbdefault\u00bb background_color=\u00bbgcid-67960745-cc0c-4d73-b86b-ef2d6023be78&#8243; use_background_color_gradient=\u00bbon\u00bb background_color_gradient_stops=\u00bbrgba(255,255,255,0) 50%|#000000 50%\u00bb global_module=\u00bb147&#8243; saved_tabs=\u00bball\u00bb collapsed=\u00bbon\u00bb global_colors_info=\u00bb{%22gcid-67960745-cc0c-4d73-b86b-ef2d6023be78%22:%91%22background_color%22%93}\u00bb][et_pb_row custom_padding_last_edited=\u00bbon|desktop\u00bb _builder_version=\u00bb4.24.2&#8243; _module_preset=\u00bbdefault\u00bb use_background_color_gradient=\u00bbon\u00bb background_color_gradient_stops=\u00bbrgba(0,0,0,0.75) 0%|rgba(0,0,0,0.75) 100%\u00bb background_color_gradient_overlays_image=\u00bbon\u00bb background_image=\u00bbhttps:\/\/edificioriberadelebro2.com\/wp-content\/uploads\/2024\/02\/cabecera_2.jpg\u00bb custom_padding=\u00bb60px|60px|60px|60px|true|true\u00bb custom_padding_tablet=\u00bb30px|30px|30px|30px|true|true\u00bb custom_padding_phone=\u00bb20px|20px|20px|20px|true|true\u00bb global_colors_info=\u00bb{}\u00bb][et_pb_column type=\u00bb4_4&#8243; _builder_version=\u00bb4.20.0&#8243; _module_preset=\u00bbdefault\u00bb global_colors_info=\u00bb{}\u00bb][et_pb_text _builder_version=\u00bb4.20.0&#8243; _module_preset=\u00bb4df0016e-33e1-4dce-885c-acc98e660b81&#8243; header_2_text_color=\u00bb#FFFFFF\u00bb text_orientation=\u00bbcenter\u00bb max_width=\u00bb700px\u00bb module_alignment=\u00bbcenter\u00bb global_colors_info=\u00bb{}\u00bb]<\/p>\n<h2>Cont\u00e1ctenos para recibir <br \/>m\u00e1s informaci\u00f3n<\/h2>\n<p>[\/et_pb_text][et_pb_button button_url=\u00bb@ET-DC@eyJkeW5hbWljIjp0cnVlLCJjb250ZW50IjoicG9zdF9saW5rX3VybF9wYWdlIiwic2V0dGluZ3MiOnsicG9zdF9pZCI6IjQ4In19@\u00bb button_text=\u00bbContacto\u00bb button_alignment=\u00bbcenter\u00bb _builder_version=\u00bb4.24.2&#8243; _dynamic_attributes=\u00bbbutton_url\u00bb _module_preset=\u00bbdbc36c5a-5e9c-4d2c-b37a-6e1d3d01fd52&#8243; global_colors_info=\u00bb{}\u00bb][\/et_pb_button][\/et_pb_column][\/et_pb_row][\/et_pb_section][et_pb_section fb_built=\u00bb1&#8243; specialty=\u00bbon\u00bb admin_label=\u00bbFooter\u00bb _builder_version=\u00bb4.24.2&#8243; _module_preset=\u00bbdefault\u00bb background_color=\u00bb#000000&#8243; custom_padding=\u00bb||0px||false|false\u00bb global_module=\u00bb139&#8243; saved_tabs=\u00bball\u00bb collapsed=\u00bbon\u00bb global_colors_info=\u00bb{}\u00bb][et_pb_column type=\u00bb1_2&#8243; _builder_version=\u00bb4.16&#8243; _module_preset=\u00bbdefault\u00bb custom_padding=\u00bb|||\u00bb global_colors_info=\u00bb{}\u00bb custom_padding__hover=\u00bb|||\u00bb][et_pb_text _builder_version=\u00bb4.20.0&#8243; _module_preset=\u00bbe889aacc-13ec-4aa5-bc98-c94a8ef7f7a7&#8243; header_3_text_color=\u00bb#FFFFFF\u00bb global_colors_info=\u00bb{}\u00bb]<\/p>\n<h3>Grupo Espuelas<\/h3>\n<p>[\/et_pb_text][et_pb_text _builder_version=\u00bb4.20.0&#8243; _module_preset=\u00bbc474925f-36f3-42e6-90a6-b26871d871a8&#8243; text_text_color=\u00bb#FFFFFF\u00bb custom_margin=\u00bb-31px|||||\u00bb global_colors_info=\u00bb{}\u00bb]<\/p>\n<p><strong>GRUPO ESPUELAS<\/strong> cuenta con un <strong>equipo profesional<\/strong> altamente cualificado que conoce y valora las necesidades de sus clientes, proporcion\u00e1ndoles la <strong>m\u00e1xima satisfacci\u00f3n<\/strong> que, tras largos a\u00f1os de<strong> experiencia<\/strong>, garantiza la mejor calidad tanto en la producci\u00f3n como en el servicio a miles de clientes.<\/p>\n<p>[\/et_pb_text][\/et_pb_column][et_pb_column type=\u00bb1_2&#8243; specialty_columns=\u00bb2&#8243; _builder_version=\u00bb4.16&#8243; _module_preset=\u00bbdefault\u00bb custom_padding=\u00bb|||\u00bb global_colors_info=\u00bb{}\u00bb custom_padding__hover=\u00bb|||\u00bb][et_pb_row_inner column_structure=\u00bb1_2,1_2&#8243; _builder_version=\u00bb4.20.0&#8243; _module_preset=\u00bbdefault\u00bb global_colors_info=\u00bb{}\u00bb][et_pb_column_inner type=\u00bb1_2&#8243; saved_specialty_column_type=\u00bb1_2&#8243; _builder_version=\u00bb4.20.0&#8243; _module_preset=\u00bbdefault\u00bb global_colors_info=\u00bb{}\u00bb][et_pb_text _builder_version=\u00bb4.24.2&#8243; _module_preset=\u00bbc474925f-36f3-42e6-90a6-b26871d871a8&#8243; text_text_color=\u00bb#FFFFFF\u00bb text_font_size=\u00bb29px\u00bb link_text_color=\u00bb#FFFFFF\u00bb custom_margin=\u00bb||10px||false|false\u00bb global_colors_info=\u00bb{}\u00bb]<\/p>\n<p><strong>976 379 300<\/strong><\/p>\n<p>[\/et_pb_text][et_pb_text _builder_version=\u00bb4.24.2&#8243; _module_preset=\u00bbc474925f-36f3-42e6-90a6-b26871d871a8&#8243; text_text_color=\u00bb#FFFFFF\u00bb link_text_color=\u00bb#FFFFFF\u00bb custom_margin=\u00bb||10px||false|false\u00bb global_colors_info=\u00bb{}\u00bb]<\/p>\n<p><a href=\"mailto:espuelas@grupoespuelas.com\">espuelas@grupoespuelas.com<\/a><\/p>\n<p>[\/et_pb_text][et_pb_text _builder_version=\u00bb4.24.2&#8243; _module_preset=\u00bbc474925f-36f3-42e6-90a6-b26871d871a8&#8243; text_text_color=\u00bb#FFFFFF\u00bb link_text_color=\u00bb#FFFFFF\u00bb custom_margin=\u00bb||10px||false|false\u00bb global_colors_info=\u00bb{}\u00bb]<\/p>\n<p>P\u00ba Sagasta 64, 1\u00ba. C.P. 50006 Zaragoza<\/p>\n<p>[\/et_pb_text][\/et_pb_column_inner][et_pb_column_inner type=\u00bb1_2&#8243; saved_specialty_column_type=\u00bb1_2&#8243; _builder_version=\u00bb4.20.0&#8243; _module_preset=\u00bbdefault\u00bb global_colors_info=\u00bb{}\u00bb][et_pb_text _builder_version=\u00bb4.24.2&#8243; _module_preset=\u00bbc474925f-36f3-42e6-90a6-b26871d871a8&#8243; text_text_color=\u00bb#FFFFFF\u00bb text_font_size=\u00bb19px\u00bb link_text_color=\u00bb#FFFFFF\u00bb custom_margin=\u00bb||10px||false|false\u00bb global_colors_info=\u00bb{}\u00bb]<a href=\"http:\/\/grupoespuelas.es\/\">www.grupoespuelas.es<\/a>[\/et_pb_text][et_pb_text _builder_version=\u00bb4.24.2&#8243; _module_preset=\u00bbc474925f-36f3-42e6-90a6-b26871d871a8&#8243; text_text_color=\u00bb#FFFFFF\u00bb link_text_color=\u00bb#FFFFFF\u00bb custom_margin=\u00bb||10px||false|false\u00bb global_colors_info=\u00bb{}\u00bb]<\/p>\n<p><a href=\"https:\/\/edificioriberadelebro2.com\/index.php\/contacto\/\">Contacto<\/a><\/p>\n<p>[\/et_pb_text][et_pb_text _builder_version=\u00bb4.24.2&#8243; _module_preset=\u00bbc474925f-36f3-42e6-90a6-b26871d871a8&#8243; text_text_color=\u00bb#FFFFFF\u00bb link_text_color=\u00bb#FFFFFF\u00bb custom_margin=\u00bb||10px||false|false\u00bb global_colors_info=\u00bb{}\u00bb]<a href=\"https:\/\/edificioriberadelebro2.com\/index.php\/aviso-legal\">Aviso Legal<\/a><br \/>\n<a href=\"https:\/\/edificioriberadelebro2.com\/index.php\/politica-de-privacidad\"> Pol\u00edtica de privacidad<\/a>[\/et_pb_text][\/et_pb_column_inner][\/et_pb_row_inner][\/et_pb_column][\/et_pb_section]<\/p>\n","protected":false},"excerpt":{"rendered":"<p>Grupo Espuelas GRUPO ESPUELAS se distingue como una empresa de actividad inmobiliaria que prioriza la seguridad, calidad y prestigio en cada proyecto que emprende. Nuestro compromiso se basa en la firmeza de un nombre reconocido y en la promoci\u00f3n de valores fundamentales como la excelencia, la integridad y la responsabilidad corporativa. Nos destacamos por nuestra [&hellip;]<\/p>\n","protected":false},"author":1,"featured_media":0,"parent":0,"menu_order":0,"comment_status":"closed","ping_status":"closed","template":"","meta":{"_et_pb_use_builder":"on","_et_pb_old_content":"","_et_gb_content_width":"","footnotes":""},"class_list":["post-37","page","type-page","status-publish","hentry"],"_links":{"self":[{"href":"https:\/\/edificioriberadelebro2.com\/index.php\/wp-json\/wp\/v2\/pages\/37","targetHints":{"allow":["GET"]}}],"collection":[{"href":"https:\/\/edificioriberadelebro2.com\/index.php\/wp-json\/wp\/v2\/pages"}],"about":[{"href":"https:\/\/edificioriberadelebro2.com\/index.php\/wp-json\/wp\/v2\/types\/page"}],"author":[{"embeddable":true,"href":"https:\/\/edificioriberadelebro2.com\/index.php\/wp-json\/wp\/v2\/users\/1"}],"replies":[{"embeddable":true,"href":"https:\/\/edificioriberadelebro2.com\/index.php\/wp-json\/wp\/v2\/comments?post=37"}],"version-history":[{"count":8,"href":"https:\/\/edificioriberadelebro2.com\/index.php\/wp-json\/wp\/v2\/pages\/37\/revisions"}],"predecessor-version":[{"id":239,"href":"https:\/\/edificioriberadelebro2.com\/index.php\/wp-json\/wp\/v2\/pages\/37\/revisions\/239"}],"wp:attachment":[{"href":"https:\/\/edificioriberadelebro2.com\/index.php\/wp-json\/wp\/v2\/media?parent=37"}],"curies":[{"name":"wp","href":"https:\/\/api.w.org\/{rel}","templated":true}]}}