{"id":56,"date":"2024-02-27T09:25:06","date_gmt":"2024-02-27T09:25:06","guid":{"rendered":"https:\/\/edificioriberadelebro2.com\/?page_id=56"},"modified":"2024-03-12T12:15:55","modified_gmt":"2024-03-12T12:15:55","slug":"descripcion","status":"publish","type":"page","link":"https:\/\/edificioriberadelebro2.com\/index.php\/descripcion\/","title":{"rendered":"Descripci\u00f3n"},"content":{"rendered":"<p>[et_pb_section fb_built=\u00bb1&#8243; admin_label=\u00bbHeader\u00bb _builder_version=\u00bb4.20.0&#8243; _module_preset=\u00bbdefault\u00bb background_color=\u00bbgcid-67960745-cc0c-4d73-b86b-ef2d6023be78&#8243; locked=\u00bboff\u00bb collapsed=\u00bbon\u00bb global_colors_info=\u00bb{%22gcid-67960745-cc0c-4d73-b86b-ef2d6023be78%22:%91%22background_color%22%93}\u00bb][et_pb_row _builder_version=\u00bb4.20.0&#8243; _module_preset=\u00bbdefault\u00bb custom_padding=\u00bb||0px||false|false\u00bb global_colors_info=\u00bb{}\u00bb][et_pb_column type=\u00bb4_4&#8243; _builder_version=\u00bb4.20.0&#8243; _module_preset=\u00bbdefault\u00bb global_colors_info=\u00bb{}\u00bb][et_pb_text _builder_version=\u00bb4.20.0&#8243; _module_preset=\u00bb0312f62c-11af-432d-a11d-d6313ffe9562&#8243; global_colors_info=\u00bb{}\u00bb]<\/p>\n<h1>Descripci\u00f3n<\/h1>\n<p>[\/et_pb_text][\/et_pb_column][\/et_pb_row][et_pb_row _builder_version=\u00bb4.20.0&#8243; _module_preset=\u00bbdefault\u00bb global_colors_info=\u00bb{}\u00bb][et_pb_column type=\u00bb4_4&#8243; _builder_version=\u00bb4.20.0&#8243; _module_preset=\u00bbdefault\u00bb global_colors_info=\u00bb{}\u00bb][et_pb_image src=\u00bbhttps:\/\/edificioriberadelebro2.com\/wp-content\/uploads\/2024\/02\/espuelas_ribera_a7.jpg\u00bb title_text=\u00bbespuelas_ribera_a7&#8243; _builder_version=\u00bb4.24.2&#8243; _module_preset=\u00bbdefault\u00bb custom_margin=\u00bb||0px||false|false\u00bb global_colors_info=\u00bb{}\u00bb][\/et_pb_image][\/et_pb_column][\/et_pb_row][\/et_pb_section][et_pb_section fb_built=\u00bb1&#8243; admin_label=\u00bbAbout\u00bb _builder_version=\u00bb4.20.0&#8243; _module_preset=\u00bbdefault\u00bb background_color=\u00bbgcid-67960745-cc0c-4d73-b86b-ef2d6023be78&#8243; collapsed=\u00bbon\u00bb global_colors_info=\u00bb{%22gcid-67960745-cc0c-4d73-b86b-ef2d6023be78%22:%91%22background_color%22%93}\u00bb][et_pb_row column_structure=\u00bb3_5,2_5&#8243; _builder_version=\u00bb4.20.0&#8243; _module_preset=\u00bbdefault\u00bb global_colors_info=\u00bb{}\u00bb][et_pb_column type=\u00bb3_5&#8243; _builder_version=\u00bb4.20.0&#8243; _module_preset=\u00bbdefault\u00bb global_colors_info=\u00bb{}\u00bb][et_pb_text _builder_version=\u00bb4.24.2&#8243; _module_preset=\u00bb0c186cb2-ee0f-493f-aed4-5db619620b12&#8243; header_4_text_color=\u00bbgcid-a3412674-3498-4142-ac08-6afad8430048&#8243; global_colors_info=\u00bb{%22gcid-a3412674-3498-4142-ac08-6afad8430048%22:%91%22header_4_text_color%22%93}\u00bb]<\/p>\n<h4>Edificio Ribera del Ebro II<\/h4>\n<p>[\/et_pb_text][et_pb_text _builder_version=\u00bb4.20.0&#8243; _module_preset=\u00bb1c62f0ee-75b6-4a35-9686-46aed98eca31&#8243; global_colors_info=\u00bb{}\u00bb]<\/p>\n<h2>Adquiera una vivienda de obra nueva.<\/h2>\n<p>[\/et_pb_text][et_pb_text _builder_version=\u00bb4.24.2&#8243; _module_preset=\u00bb957a6089-02ae-446b-a1bd-12e907601379&#8243; hover_enabled=\u00bb0&#8243; global_colors_info=\u00bb{}\u00bb sticky_enabled=\u00bb0&#8243;]<\/p>\n<div class=\"et_pb_module et_pb_text et_pb_text_4 et_pb_text_align_left et_pb_bg_layout_light et_had_animation\">\n<div class=\"et_pb_text_inner\">\n<p><strong>18 impresionantes viviendas con tres dormitorios y sal\u00f3n<\/strong>, dise\u00f1adas para ofrecer el m\u00e1ximo confort y lujo en un entorno exclusivo.<\/p>\n<p><strong>\u00c1ticos con amplias terrazas,<\/strong> donde disfrutar de <strong>vistas panor\u00e1micas espectaculares.<\/strong> Imagina disfrutar de tus momentos de relajaci\u00f3n o entretenimiento al aire libre, rodeado de belleza natural y tranquilidad, desde la privacidad de su propio hogar.<\/p>\n<blockquote>\n<p><strong>Excelentes calidades con un dise\u00f1o que no podr\u00e1 dejar escapar.<\/strong><\/p>\n<\/blockquote>\n<p><span>Grandes Salones:<\/span> Espaciosos y luminosos, para satisfacer el estilo de vida moderno y exigente.<\/p>\n<p><span>Aerotermia:<\/span> nuestras viviendas est\u00e1n equipadas con sistemas que proporcionan una climatizaci\u00f3n que mantendr\u00e1 fresco en verano y c\u00e1lido en invierno con la m\u00e1xima eficiencia energ\u00e9tica, que abarca desde el dise\u00f1o hasta los materiales utilizados, <strong>GRUPO ESPUELAS<\/strong> nos esforzamos por alcanzar los m\u00e1s altos est\u00e1ndares, asegurando un consumo responsable y sostenible.<\/p>\n<p><span>Sala Fitness:<\/span> completamente equipada, brindando la oportunidad de mantener la rutina de ejercicios para su bienestar, sin tener que abandonar la comodidad del hogar.<\/p>\n<p><span>Zona Infantil Exterior:<\/span> Hemos creado un \u00e1rea de recreo infantil al aire libre especialmente pensada para las familias, proporcionando un espacio seguro y divertido donde disfrutar al m\u00e1ximo.<\/p>\n<p>Adem\u00e1s de todas estas caracter\u00edsticas excepcionales, nuestra ubicaci\u00f3n en la ribera del r\u00edo Ebro brinda acceso a actividades al aire libre, todo ello a pocos pasos de su vivienda.<\/p>\n<p>El hogar ideal le espera en <strong>EDIFICIO RIBERA DEL EBRO II.<\/strong><\/p>\n<\/div>\n<\/div>\n<p>[\/et_pb_text][\/et_pb_column][et_pb_column type=\u00bb2_5&#8243; _builder_version=\u00bb4.20.0&#8243; _module_preset=\u00bbdefault\u00bb global_colors_info=\u00bb{}\u00bb][et_pb_image src=\u00bbhttps:\/\/edificioriberadelebro2.com\/wp-content\/uploads\/2024\/02\/logo.png\u00bb title_text=\u00bblogo\u00bb _builder_version=\u00bb4.24.2&#8243; _module_preset=\u00bbdefault\u00bb global_colors_info=\u00bb{}\u00bb][\/et_pb_image][et_pb_image src=\u00bbhttps:\/\/edificioriberadelebro2.com\/wp-content\/uploads\/2024\/02\/detalle_2.jpg\u00bb title_text=\u00bbdetalle_2&#8243; _builder_version=\u00bb4.24.2&#8243; _module_preset=\u00bbdefault\u00bb global_colors_info=\u00bb{}\u00bb transform_styles__hover_enabled=\u00bbon|hover\u00bb transform_scale__hover=\u00bb98%|98%\u00bb transform_scale__hover_enabled=\u00bbon|hover\u00bb transform_translate__hover_enabled=\u00bbon|desktop\u00bb transform_rotate__hover_enabled=\u00bbon|desktop\u00bb transform_skew__hover_enabled=\u00bbon|desktop\u00bb transform_origin__hover_enabled=\u00bbon|desktop\u00bb][\/et_pb_image][\/et_pb_column][\/et_pb_row][\/et_pb_section][et_pb_section fb_built=\u00bb1&#8243; admin_label=\u00bbFooter\u00bb _builder_version=\u00bb4.20.0&#8243; _module_preset=\u00bbdefault\u00bb background_color=\u00bbgcid-67960745-cc0c-4d73-b86b-ef2d6023be78&#8243; use_background_color_gradient=\u00bbon\u00bb background_color_gradient_stops=\u00bbrgba(255,255,255,0) 50%|#000000 50%\u00bb global_module=\u00bb147&#8243; saved_tabs=\u00bball\u00bb collapsed=\u00bbon\u00bb global_colors_info=\u00bb{%22gcid-67960745-cc0c-4d73-b86b-ef2d6023be78%22:%91%22background_color%22%93}\u00bb][et_pb_row custom_padding_last_edited=\u00bbon|desktop\u00bb _builder_version=\u00bb4.24.2&#8243; _module_preset=\u00bbdefault\u00bb use_background_color_gradient=\u00bbon\u00bb background_color_gradient_stops=\u00bbrgba(0,0,0,0.75) 0%|rgba(0,0,0,0.75) 100%\u00bb background_color_gradient_overlays_image=\u00bbon\u00bb background_image=\u00bbhttps:\/\/edificioriberadelebro2.com\/wp-content\/uploads\/2024\/02\/cabecera_2.jpg\u00bb custom_padding=\u00bb60px|60px|60px|60px|true|true\u00bb custom_padding_tablet=\u00bb30px|30px|30px|30px|true|true\u00bb custom_padding_phone=\u00bb20px|20px|20px|20px|true|true\u00bb global_colors_info=\u00bb{}\u00bb][et_pb_column type=\u00bb4_4&#8243; _builder_version=\u00bb4.20.0&#8243; _module_preset=\u00bbdefault\u00bb global_colors_info=\u00bb{}\u00bb][et_pb_text _builder_version=\u00bb4.24.2&#8243; _module_preset=\u00bb4df0016e-33e1-4dce-885c-acc98e660b81&#8243; header_2_text_color=\u00bb#FFFFFF\u00bb text_orientation=\u00bbcenter\u00bb max_width=\u00bb700px\u00bb module_alignment=\u00bbcenter\u00bb global_colors_info=\u00bb{}\u00bb]<\/p>\n<h2>Cont\u00e1ctenos para recibir<br \/>m\u00e1s informaci\u00f3n<\/h2>\n<p>[\/et_pb_text][et_pb_button button_url=\u00bb@ET-DC@eyJkeW5hbWljIjp0cnVlLCJjb250ZW50IjoicG9zdF9saW5rX3VybF9wYWdlIiwic2V0dGluZ3MiOnsicG9zdF9pZCI6IjQ4In19@\u00bb button_text=\u00bbContacto\u00bb button_alignment=\u00bbcenter\u00bb _builder_version=\u00bb4.24.2&#8243; _dynamic_attributes=\u00bbbutton_url\u00bb _module_preset=\u00bbdbc36c5a-5e9c-4d2c-b37a-6e1d3d01fd52&#8243; global_colors_info=\u00bb{}\u00bb][\/et_pb_button][\/et_pb_column][\/et_pb_row][\/et_pb_section][et_pb_section fb_built=\u00bb1&#8243; specialty=\u00bbon\u00bb admin_label=\u00bbFooter\u00bb _builder_version=\u00bb4.24.2&#8243; _module_preset=\u00bbdefault\u00bb background_color=\u00bb#000000&#8243; custom_padding=\u00bb||0px||false|false\u00bb global_module=\u00bb139&#8243; saved_tabs=\u00bball\u00bb collapsed=\u00bbon\u00bb global_colors_info=\u00bb{}\u00bb][et_pb_column type=\u00bb1_2&#8243; _builder_version=\u00bb4.16&#8243; _module_preset=\u00bbdefault\u00bb custom_padding=\u00bb|||\u00bb global_colors_info=\u00bb{}\u00bb custom_padding__hover=\u00bb|||\u00bb][et_pb_text _builder_version=\u00bb4.20.0&#8243; _module_preset=\u00bbe889aacc-13ec-4aa5-bc98-c94a8ef7f7a7&#8243; header_3_text_color=\u00bb#FFFFFF\u00bb global_colors_info=\u00bb{}\u00bb]<\/p>\n<h3>Grupo Espuelas<\/h3>\n<p>[\/et_pb_text][et_pb_text _builder_version=\u00bb4.24.2&#8243; _module_preset=\u00bbc474925f-36f3-42e6-90a6-b26871d871a8&#8243; text_text_color=\u00bb#FFFFFF\u00bb custom_margin=\u00bb-31px|||||\u00bb global_colors_info=\u00bb{}\u00bb]<\/p>\n<p>En Grupo Espuelas, nos enorgullece contar con un equipo profesional altamente cualificado que comprende y valora las necesidades de nuestros clientes. Nos comprometemos a brindarles la m\u00e1xima satisfacci\u00f3n, respaldados por a\u00f1os de experiencia, asegurando la excelencia tanto en la calidad de nuestros productos como en el servicio que ofrecemos a miles de clientes. <strong><\/strong><\/p>\n<p>[\/et_pb_text][\/et_pb_column][et_pb_column type=\u00bb1_2&#8243; specialty_columns=\u00bb2&#8243; _builder_version=\u00bb4.16&#8243; _module_preset=\u00bbdefault\u00bb custom_padding=\u00bb|||\u00bb global_colors_info=\u00bb{}\u00bb custom_padding__hover=\u00bb|||\u00bb][et_pb_row_inner column_structure=\u00bb1_2,1_2&#8243; _builder_version=\u00bb4.20.0&#8243; _module_preset=\u00bbdefault\u00bb global_colors_info=\u00bb{}\u00bb][et_pb_column_inner type=\u00bb1_2&#8243; saved_specialty_column_type=\u00bb1_2&#8243; _builder_version=\u00bb4.20.0&#8243; _module_preset=\u00bbdefault\u00bb global_colors_info=\u00bb{}\u00bb][et_pb_text _builder_version=\u00bb4.24.2&#8243; _module_preset=\u00bbc474925f-36f3-42e6-90a6-b26871d871a8&#8243; text_text_color=\u00bb#FFFFFF\u00bb text_font_size=\u00bb29px\u00bb link_text_color=\u00bb#FFFFFF\u00bb custom_margin=\u00bb||10px||false|false\u00bb global_colors_info=\u00bb{}\u00bb]<\/p>\n<p><strong>976 379 300<\/strong><\/p>\n<p>[\/et_pb_text][et_pb_text _builder_version=\u00bb4.24.2&#8243; _module_preset=\u00bbc474925f-36f3-42e6-90a6-b26871d871a8&#8243; text_text_color=\u00bb#FFFFFF\u00bb link_text_color=\u00bb#FFFFFF\u00bb custom_margin=\u00bb||10px||false|false\u00bb global_colors_info=\u00bb{}\u00bb]<\/p>\n<p><a href=\"mailto:espuelas@grupoespuelas.com\">espuelas@grupoespuelas.com<\/a><\/p>\n<p>[\/et_pb_text][et_pb_text _builder_version=\u00bb4.24.2&#8243; _module_preset=\u00bbc474925f-36f3-42e6-90a6-b26871d871a8&#8243; text_text_color=\u00bb#FFFFFF\u00bb link_text_color=\u00bb#FFFFFF\u00bb custom_margin=\u00bb||10px||false|false\u00bb global_colors_info=\u00bb{}\u00bb]<\/p>\n<p>P\u00ba Sagasta 64, 1\u00ba. C.P. 50006 Zaragoza<\/p>\n<p>[\/et_pb_text][\/et_pb_column_inner][et_pb_column_inner type=\u00bb1_2&#8243; saved_specialty_column_type=\u00bb1_2&#8243; _builder_version=\u00bb4.20.0&#8243; _module_preset=\u00bbdefault\u00bb global_colors_info=\u00bb{}\u00bb][et_pb_text _builder_version=\u00bb4.24.2&#8243; _module_preset=\u00bbc474925f-36f3-42e6-90a6-b26871d871a8&#8243; text_text_color=\u00bb#FFFFFF\u00bb text_font_size=\u00bb19px\u00bb link_text_color=\u00bb#FFFFFF\u00bb custom_margin=\u00bb||10px||false|false\u00bb global_colors_info=\u00bb{}\u00bb]<a href=\"http:\/\/grupoespuelas.es\/\">www.grupoespuelas.es<\/a>[\/et_pb_text][et_pb_text _builder_version=\u00bb4.24.2&#8243; _module_preset=\u00bbc474925f-36f3-42e6-90a6-b26871d871a8&#8243; text_text_color=\u00bb#FFFFFF\u00bb link_text_color=\u00bb#FFFFFF\u00bb custom_margin=\u00bb||10px||false|false\u00bb global_colors_info=\u00bb{}\u00bb]<\/p>\n<p><a href=\"https:\/\/edificioriberadelebro2.com\/index.php\/contacto\/\">Contacto<\/a><\/p>\n<p>[\/et_pb_text][et_pb_text _builder_version=\u00bb4.24.2&#8243; _module_preset=\u00bbc474925f-36f3-42e6-90a6-b26871d871a8&#8243; text_text_color=\u00bb#FFFFFF\u00bb link_text_color=\u00bb#FFFFFF\u00bb custom_margin=\u00bb||10px||false|false\u00bb global_colors_info=\u00bb{}\u00bb]<a href=\"https:\/\/edificioriberadelebro2.com\/index.php\/aviso-legal\">Aviso Legal<\/a><br \/>\n<a href=\"https:\/\/edificioriberadelebro2.com\/index.php\/politica-de-privacidad\"> Pol\u00edtica de privacidad<\/a>[\/et_pb_text][\/et_pb_column_inner][\/et_pb_row_inner][\/et_pb_column][\/et_pb_section]<\/p>\n","protected":false},"excerpt":{"rendered":"<p>Descripci\u00f3nEdificio Ribera del Ebro IIAdquiera una vivienda de obra nueva. 18 impresionantes viviendas con tres dormitorios y sal\u00f3n, dise\u00f1adas para ofrecer el m\u00e1ximo confort y lujo en un entorno exclusivo. \u00c1ticos con amplias terrazas, donde disfrutar de vistas panor\u00e1micas espectaculares. Imagina disfrutar de tus momentos de relajaci\u00f3n o entretenimiento al aire libre, rodeado de belleza [&hellip;]<\/p>\n","protected":false},"author":1,"featured_media":0,"parent":0,"menu_order":0,"comment_status":"closed","ping_status":"closed","template":"","meta":{"_et_pb_use_builder":"on","_et_pb_old_content":"","_et_gb_content_width":"","footnotes":""},"class_list":["post-56","page","type-page","status-publish","hentry"],"_links":{"self":[{"href":"https:\/\/edificioriberadelebro2.com\/index.php\/wp-json\/wp\/v2\/pages\/56","targetHints":{"allow":["GET"]}}],"collection":[{"href":"https:\/\/edificioriberadelebro2.com\/index.php\/wp-json\/wp\/v2\/pages"}],"about":[{"href":"https:\/\/edificioriberadelebro2.com\/index.php\/wp-json\/wp\/v2\/types\/page"}],"author":[{"embeddable":true,"href":"https:\/\/edificioriberadelebro2.com\/index.php\/wp-json\/wp\/v2\/users\/1"}],"replies":[{"embeddable":true,"href":"https:\/\/edificioriberadelebro2.com\/index.php\/wp-json\/wp\/v2\/comments?post=56"}],"version-history":[{"count":10,"href":"https:\/\/edificioriberadelebro2.com\/index.php\/wp-json\/wp\/v2\/pages\/56\/revisions"}],"predecessor-version":[{"id":279,"href":"https:\/\/edificioriberadelebro2.com\/index.php\/wp-json\/wp\/v2\/pages\/56\/revisions\/279"}],"wp:attachment":[{"href":"https:\/\/edificioriberadelebro2.com\/index.php\/wp-json\/wp\/v2\/media?parent=56"}],"curies":[{"name":"wp","href":"https:\/\/api.w.org\/{rel}","templated":true}]}}